{"id":233,"date":"2017-07-01T10:20:18","date_gmt":"2017-07-01T08:20:18","guid":{"rendered":"http:\/\/c3122ca.stprof.eu\/kunden\/maxstadler\/?page_id=233"},"modified":"2017-09-11T21:17:36","modified_gmt":"2017-09-11T19:17:36","slug":"dj-service","status":"publish","type":"page","link":"https:\/\/maxstadlermusik.de\/index.php\/dj-service\/","title":{"rendered":"DJ Service"},"content":{"rendered":"<p>[vc_row 0=&#8220;&#8220;][vc_column 0=&#8220;&#8220;]<div class=\"sc_promo scheme_dark sc_promo_size_large\"><div class=\"sc_promo_inner\"><div class=\"sc_promo_image\" style=\"background-image:url(https:\/\/maxstadlermusik.de\/wp-content\/uploads\/2017\/06\/Natalie-Marcel-652_web.jpg);width:50%;left: 0;\"><\/div><div class=\"sc_promo_block sc_align_left\" style=\"width: 50%; float: right;\"><div class=\"sc_promo_block_inner\"><h2 class=\"sc_promo_title sc_item_title sc_item_title_without_descr\">``Die Kunst ist zu wissen, was die Leute h\u00f6ren wollen.``<\/h2><div class=\"sc_promo_content\">[vc_column_text 0=&#8220;&#8220; scheme=&#8220;dark&#8220;]<\/p>\n<div style=\"color: #fff !important;\">\n<p>Bereits seit Jahren fungiere ich neben meiner Musikalischen Live T\u00e4tigkeit auch als leidenschaftlicher<br \/>\nHochzeits &#8211; DJ<br \/>\nDa ich \u00fcber den Tag verteilt Ihre G\u00e4ste bereits kennen lernen durfte, kann ich einen ersten Eindruck gewinnen, welche Musik f\u00fcr den sp\u00e4teren Abend angesagt sein k\u00f6nnte und wie Ihre G\u00e4ste so \u201eticken\u201c. Selbstverst\u00e4ndlich wird dies auch vorab in dem Vorgespr\u00e4ch soweit es geht abgesprochen.<\/p>\n<p><strong>Folgende Aufgaben habe ich mir als Hochzeits DJ gesetzt:<\/strong><br \/>\n&#8211; Einstellen der Musikanlage, Ausrichten der Boxen<br \/>\n&#8211; Einstellen der Lichtanlage, evtl. dimmen des Saales<br \/>\n&#8211; Anmoderation des Er\u00f6ffnungstanzes, hervorholen der G\u00e4ste<br \/>\n&#8211; Gemeinschafts-Walzerrunde<br \/>\n&#8211; der \u201cICE-Breaker\u201c<br \/>\n&#8211; Beobachten &amp; einsch\u00e4tzen der G\u00e4ste und deren Musikgeschmack<br \/>\n&#8211; Entgegennehmen von Lied w\u00fcnschen<br \/>\n&#8211; wenn n\u00f6tig, Animations- Tricks zum wieder f\u00fcllen der Tanzfl\u00e4che<\/p>\n<p>Eine perfekte Spannungskurve sorgt f\u00fcr ein entspanntes Ambiente bei Kaffee &amp; Kuchen und Partystimmung nach dem Er\u00f6ffnungstanz.<\/p>\n<p><strong>Zu Ihrer Sicherheit:<\/strong><\/p>\n<p>&#8211; Hochzeits DJ Max hat immer eine zweite Musikanlage dabei (Backup)<br \/>\n&#8211; Ihnen steht ebenso ein Ersatz-DJ bzw. Live Musiker zur Verf\u00fcgung!<br \/>\n&#8211; meine Musikalische Bibliothek umfasst ca. 300 GB gut Sortierte Mp3 Musik<br \/>\n&#8211; regelm\u00e4\u00dfig bin ich bem\u00fcht meine Sammlung auf dem aktuellsten Stand zu halten<br \/>\n&#8211; bereitstellen meiner <b> Best Of Mappen<\/b> f\u00fcr Lied-w\u00fcnsche<br \/>\n&#8211; meine Mp3 Sammlung wurde legal von mir erworben (aus CD &amp; Amazon K\u00e4ufen)<br \/>\n&#8211; meine <b>Best of Listen<\/b> wurden Jahrelang von mir sortiert und optimiert<\/p>\n<\/div>\n<p>[\/vc_column_text]<\/div><\/div><\/div><\/div><\/div>[\/vc_column][\/vc_row][vc_row 0=&#8220;&#8220;][vc_column 0=&#8220;&#8220;][vc_video link=&#8220;https:\/\/www.youtube.com\/watch?v=uBNUlmu9mlo&amp;feature=youtu.be&#8220; align=&#8220;center&#8220;][\/vc_column][\/vc_row]<\/p>\n","protected":false},"excerpt":{"rendered":"<p>[vc_row 0=&#8220;&#8220;][vc_column 0=&#8220;&#8220;][\/vc_column][\/vc_row][vc_row 0=&#8220;&#8220;][vc_column 0=&#8220;&#8220;][vc_video link=&#8220;https:\/\/www.youtube.com\/watch?v=uBNUlmu9mlo&amp;feature=youtu.be&#8220; align=&#8220;center&#8220;][\/vc_column][\/vc_row]<\/p>\n","protected":false},"author":2,"featured_media":0,"parent":0,"menu_order":0,"comment_status":"closed","ping_status":"closed","template":"","meta":{"footnotes":""},"class_list":["post-233","page","type-page","status-publish","hentry"],"yoast_head":"<!-- This site is optimized with the Yoast SEO plugin v23.1 - https:\/\/yoast.com\/wordpress\/plugins\/seo\/ -->\n<title>DJ Service - Max Stadler Musik<\/title>\n<meta name=\"robots\" content=\"index, follow, max-snippet:-1, max-image-preview:large, max-video-preview:-1\" \/>\n<link rel=\"canonical\" href=\"https:\/\/maxstadlermusik.de\/index.php\/dj-service\/\" \/>\n<meta property=\"og:locale\" content=\"de_DE\" \/>\n<meta property=\"og:type\" content=\"article\" \/>\n<meta property=\"og:title\" content=\"DJ Service - Max Stadler Musik\" \/>\n<meta property=\"og:description\" content=\"[vc_row 0=&#8220;&#8220;][vc_column 0=&#8220;&#8220;][\/vc_column][\/vc_row][vc_row 0=&#8220;&#8220;][vc_column 0=&#8220;&#8220;][vc_video link=&#8220;https:\/\/www.youtube.com\/watch?v=uBNUlmu9mlo&amp;feature=youtu.be&#8220; align=&#8220;center&#8220;][\/vc_column][\/vc_row]\" \/>\n<meta property=\"og:url\" content=\"https:\/\/maxstadlermusik.de\/index.php\/dj-service\/\" \/>\n<meta property=\"og:site_name\" content=\"Max Stadler Musik\" \/>\n<meta property=\"article:modified_time\" content=\"2017-09-11T19:17:36+00:00\" \/>\n<meta name=\"twitter:card\" content=\"summary_large_image\" \/>\n<meta name=\"twitter:label1\" content=\"Gesch\u00e4tzte Lesezeit\" \/>\n\t<meta name=\"twitter:data1\" content=\"2\u00a0Minuten\" \/>\n<script type=\"application\/ld+json\" class=\"yoast-schema-graph\">{\"@context\":\"https:\/\/schema.org\",\"@graph\":[{\"@type\":\"WebPage\",\"@id\":\"https:\/\/maxstadlermusik.de\/index.php\/dj-service\/\",\"url\":\"https:\/\/maxstadlermusik.de\/index.php\/dj-service\/\",\"name\":\"DJ Service - Max Stadler Musik\",\"isPartOf\":{\"@id\":\"https:\/\/maxstadlermusik.de\/#website\"},\"datePublished\":\"2017-07-01T08:20:18+00:00\",\"dateModified\":\"2017-09-11T19:17:36+00:00\",\"breadcrumb\":{\"@id\":\"https:\/\/maxstadlermusik.de\/index.php\/dj-service\/#breadcrumb\"},\"inLanguage\":\"de\",\"potentialAction\":[{\"@type\":\"ReadAction\",\"target\":[\"https:\/\/maxstadlermusik.de\/index.php\/dj-service\/\"]}]},{\"@type\":\"BreadcrumbList\",\"@id\":\"https:\/\/maxstadlermusik.de\/index.php\/dj-service\/#breadcrumb\",\"itemListElement\":[{\"@type\":\"ListItem\",\"position\":1,\"name\":\"Startseite\",\"item\":\"https:\/\/maxstadlermusik.de\/\"},{\"@type\":\"ListItem\",\"position\":2,\"name\":\"DJ Service\"}]},{\"@type\":\"WebSite\",\"@id\":\"https:\/\/maxstadlermusik.de\/#website\",\"url\":\"https:\/\/maxstadlermusik.de\/\",\"name\":\"Max Stadler Musik\",\"description\":\"\",\"publisher\":{\"@id\":\"https:\/\/maxstadlermusik.de\/#organization\"},\"potentialAction\":[{\"@type\":\"SearchAction\",\"target\":{\"@type\":\"EntryPoint\",\"urlTemplate\":\"https:\/\/maxstadlermusik.de\/?s={search_term_string}\"},\"query-input\":\"required name=search_term_string\"}],\"inLanguage\":\"de\"},{\"@type\":\"Organization\",\"@id\":\"https:\/\/maxstadlermusik.de\/#organization\",\"name\":\"Max Stadler Live Musik\",\"url\":\"https:\/\/maxstadlermusik.de\/\",\"logo\":{\"@type\":\"ImageObject\",\"inLanguage\":\"de\",\"@id\":\"https:\/\/maxstadlermusik.de\/#\/schema\/logo\/image\/\",\"url\":\"https:\/\/maxstadlermusik.de\/wp-content\/uploads\/2017\/06\/cropped-logo-entw\u00fcrfe1.png\",\"contentUrl\":\"https:\/\/maxstadlermusik.de\/wp-content\/uploads\/2017\/06\/cropped-logo-entw\u00fcrfe1.png\",\"width\":1500,\"height\":817,\"caption\":\"Max Stadler Live Musik\"},\"image\":{\"@id\":\"https:\/\/maxstadlermusik.de\/#\/schema\/logo\/image\/\"}}]}<\/script>\n<!-- \/ Yoast SEO plugin. -->","yoast_head_json":{"title":"DJ Service - Max Stadler Musik","robots":{"index":"index","follow":"follow","max-snippet":"max-snippet:-1","max-image-preview":"max-image-preview:large","max-video-preview":"max-video-preview:-1"},"canonical":"https:\/\/maxstadlermusik.de\/index.php\/dj-service\/","og_locale":"de_DE","og_type":"article","og_title":"DJ Service - Max Stadler Musik","og_description":"[vc_row 0=&#8220;&#8220;][vc_column 0=&#8220;&#8220;][\/vc_column][\/vc_row][vc_row 0=&#8220;&#8220;][vc_column 0=&#8220;&#8220;][vc_video link=&#8220;https:\/\/www.youtube.com\/watch?v=uBNUlmu9mlo&amp;feature=youtu.be&#8220; align=&#8220;center&#8220;][\/vc_column][\/vc_row]","og_url":"https:\/\/maxstadlermusik.de\/index.php\/dj-service\/","og_site_name":"Max Stadler Musik","article_modified_time":"2017-09-11T19:17:36+00:00","twitter_card":"summary_large_image","twitter_misc":{"Gesch\u00e4tzte Lesezeit":"2\u00a0Minuten"},"schema":{"@context":"https:\/\/schema.org","@graph":[{"@type":"WebPage","@id":"https:\/\/maxstadlermusik.de\/index.php\/dj-service\/","url":"https:\/\/maxstadlermusik.de\/index.php\/dj-service\/","name":"DJ Service - Max Stadler Musik","isPartOf":{"@id":"https:\/\/maxstadlermusik.de\/#website"},"datePublished":"2017-07-01T08:20:18+00:00","dateModified":"2017-09-11T19:17:36+00:00","breadcrumb":{"@id":"https:\/\/maxstadlermusik.de\/index.php\/dj-service\/#breadcrumb"},"inLanguage":"de","potentialAction":[{"@type":"ReadAction","target":["https:\/\/maxstadlermusik.de\/index.php\/dj-service\/"]}]},{"@type":"BreadcrumbList","@id":"https:\/\/maxstadlermusik.de\/index.php\/dj-service\/#breadcrumb","itemListElement":[{"@type":"ListItem","position":1,"name":"Startseite","item":"https:\/\/maxstadlermusik.de\/"},{"@type":"ListItem","position":2,"name":"DJ Service"}]},{"@type":"WebSite","@id":"https:\/\/maxstadlermusik.de\/#website","url":"https:\/\/maxstadlermusik.de\/","name":"Max Stadler Musik","description":"","publisher":{"@id":"https:\/\/maxstadlermusik.de\/#organization"},"potentialAction":[{"@type":"SearchAction","target":{"@type":"EntryPoint","urlTemplate":"https:\/\/maxstadlermusik.de\/?s={search_term_string}"},"query-input":"required name=search_term_string"}],"inLanguage":"de"},{"@type":"Organization","@id":"https:\/\/maxstadlermusik.de\/#organization","name":"Max Stadler Live Musik","url":"https:\/\/maxstadlermusik.de\/","logo":{"@type":"ImageObject","inLanguage":"de","@id":"https:\/\/maxstadlermusik.de\/#\/schema\/logo\/image\/","url":"https:\/\/maxstadlermusik.de\/wp-content\/uploads\/2017\/06\/cropped-logo-entw\u00fcrfe1.png","contentUrl":"https:\/\/maxstadlermusik.de\/wp-content\/uploads\/2017\/06\/cropped-logo-entw\u00fcrfe1.png","width":1500,"height":817,"caption":"Max Stadler Live Musik"},"image":{"@id":"https:\/\/maxstadlermusik.de\/#\/schema\/logo\/image\/"}}]}},"_links":{"self":[{"href":"https:\/\/maxstadlermusik.de\/index.php\/wp-json\/wp\/v2\/pages\/233"}],"collection":[{"href":"https:\/\/maxstadlermusik.de\/index.php\/wp-json\/wp\/v2\/pages"}],"about":[{"href":"https:\/\/maxstadlermusik.de\/index.php\/wp-json\/wp\/v2\/types\/page"}],"author":[{"embeddable":true,"href":"https:\/\/maxstadlermusik.de\/index.php\/wp-json\/wp\/v2\/users\/2"}],"replies":[{"embeddable":true,"href":"https:\/\/maxstadlermusik.de\/index.php\/wp-json\/wp\/v2\/comments?post=233"}],"version-history":[{"count":15,"href":"https:\/\/maxstadlermusik.de\/index.php\/wp-json\/wp\/v2\/pages\/233\/revisions"}],"predecessor-version":[{"id":484,"href":"https:\/\/maxstadlermusik.de\/index.php\/wp-json\/wp\/v2\/pages\/233\/revisions\/484"}],"wp:attachment":[{"href":"https:\/\/maxstadlermusik.de\/index.php\/wp-json\/wp\/v2\/media?parent=233"}],"curies":[{"name":"wp","href":"https:\/\/api.w.org\/{rel}","templated":true}]}}