{"id":581,"date":"2022-10-04T22:14:28","date_gmt":"2022-10-04T20:14:28","guid":{"rendered":"https:\/\/maxstadlermusik.de\/?page_id=581"},"modified":"2022-12-13T22:23:39","modified_gmt":"2022-12-13T21:23:39","slug":"partner","status":"publish","type":"page","link":"https:\/\/maxstadlermusik.de\/index.php\/partner\/","title":{"rendered":"Partner"},"content":{"rendered":"<p>[vc_row equal_height=&#8220;yes&#8220; content_placement=&#8220;middle&#8220; css=&#8220;.vc_custom_1668863824582{margin-top: 20px !important;}&#8220;][vc_column width=&#8220;1\/6&#8243;]<figure class=\"sc_image  alignright sc_image_shape_square margin_top_small\" style=\"width:50%;\"><img decoding=\"async\" src=\"https:\/\/maxstadlermusik.de\/wp-content\/uploads\/2022\/11\/icn_foto.png\" alt=\"\" \/><\/figure>[\/vc_column][vc_column width=&#8220;3\/4&#8243; css=&#8220;.vc_custom_1668945075567{padding-bottom: 20px !important;}&#8220;][vc_empty_space 0=&#8220;&#8220;][vc_custom_heading text=&#8220;Fotograf*Innen&#8220; font_container=&#8220;tag:h2|text_align:left|color:%23dd3333|line_height:0&#8243; use_theme_fonts=&#8220;yes&#8220;][\/vc_column][\/vc_row][vc_row 0=&#8220;&#8220;][vc_column 0=&#8220;&#8220;][vc_separator color=&#8220;black&#8220;][\/vc_column][\/vc_row][vc_row equal_height=&#8220;yes&#8220; content_placement=&#8220;middle&#8220;][vc_column width=&#8220;1\/4&#8243;]<figure class=\"sc_image  sc_image_shape_square\"><a href=\"https:\/\/the-seidels.de\"><img decoding=\"async\" src=\"https:\/\/maxstadlermusik.de\/wp-content\/uploads\/2022\/10\/the-seidels.png\" alt=\"\" \/><\/a><\/figure>[\/vc_column][vc_column width=&#8220;3\/4&#8243;][vc_custom_heading text=&#8220;The Seidels&#8220;][vc_column_text]Sarah und Mario Seidel aus Augsburg. Aus Leidenschaft und Liebe verbunden, mit S\u00f6hnchen Carlo gewachsen. The Seidels verk\u00f6rpern das, was sie sind: Ein Team. Ein Paar. Eine Familie. Vor, hinter und abseits der Kamera.[\/vc_column_text][\/vc_column][\/vc_row][vc_row equal_height=&#8220;yes&#8220; content_placement=&#8220;middle&#8220; disable_element=&#8220;yes&#8220; inverse=&#8220;&#8220;][vc_column width=&#8220;1\/4&#8243;]<figure class=\"sc_image  sc_image_shape_square\"><a href=\"https:\/\/manuel-emme-fotografie.de\"><img decoding=\"async\" src=\"https:\/\/maxstadlermusik.de\/wp-content\/uploads\/2022\/11\/ManuelEmme_web.png\" alt=\"\" \/><\/a><\/figure>[\/vc_column][vc_column width=&#8220;3\/4&#8243;][vc_custom_heading text=&#8220;Manuel Emme Fotografie&#8220;][vc_column_text]Sarah und Mario Seidel aus Augsburg. Aus Leidenschaft und Liebe verbunden, mit S\u00f6hnchen Carlo gewachsen. The Seidels verk\u00f6rpern das, was sie sind: Ein Team. Ein Paar. Eine Familie. Vor, hinter und abseits der Kamera.[\/vc_column_text][\/vc_column][\/vc_row][vc_row][vc_column width=&#8220;1\/4&#8243;]<figure class=\"sc_image  sc_image_shape_square\" style=\"width:80%;\"><a href=\"https:\/\/www.rosemaryphotography.de\"><img decoding=\"async\" src=\"https:\/\/maxstadlermusik.de\/wp-content\/uploads\/2022\/10\/rosmary_logo-1.png\" alt=\"\" \/><\/a><\/figure>[\/vc_column][vc_column width=&#8220;3\/4&#8243;][vc_custom_heading text=&#8220;Rosemary Photography&#8220;][vc_column_text]Zeitlos sch\u00f6ne Hochzeitsfotos in S\u00fcddeutschland, \u00d6sterreich und der Schweiz. Modern, Authentisch und Echt. \u2764\ufe0f[\/vc_column_text][\/vc_column][\/vc_row][vc_row][vc_column][vc_separator style=&#8220;dashed&#8220; border_width=&#8220;3&#8243; css=&#8220;.vc_custom_1668860936585{padding-top: 20px !important;padding-bottom: 20px !important;}&#8220;][\/vc_column][\/vc_row][vc_row equal_height=&#8220;yes&#8220; content_placement=&#8220;middle&#8220; css=&#8220;.vc_custom_1668863824582{margin-top: 20px !important;}&#8220;][vc_column width=&#8220;1\/6&#8243;]<figure class=\"sc_image  alignright sc_image_shape_square margin_top_small\" style=\"width:50%;\"><img decoding=\"async\" src=\"https:\/\/maxstadlermusik.de\/wp-content\/uploads\/2022\/11\/icn_traured.png\" alt=\"\" \/><\/figure>[\/vc_column][vc_column width=&#8220;3\/4&#8243;][vc_empty_space 0=&#8220;&#8220;][vc_custom_heading text=&#8220;Trauredner*Innen&#8220; font_container=&#8220;tag:h2|text_align:left|color:%23dd3333|line_height:0&#8243; use_theme_fonts=&#8220;yes&#8220;][\/vc_column][\/vc_row][vc_row 0=&#8220;&#8220;][vc_column 0=&#8220;&#8220;][vc_separator color=&#8220;black&#8220;][\/vc_column][\/vc_row][vc_row equal_height=&#8220;yes&#8220; content_placement=&#8220;middle&#8220;][vc_column width=&#8220;1\/4&#8243;]<figure class=\"sc_image  sc_image_shape_square\"><a href=\"https:\/\/freudenfeuerhochzeiten.de\"><img decoding=\"async\" src=\"https:\/\/maxstadlermusik.de\/wp-content\/uploads\/2022\/11\/Freudenfeuer-Logo.png\" alt=\"\" \/><\/a><\/figure>[\/vc_column][vc_column width=&#8220;3\/4&#8243;][vc_custom_heading text=&#8220;Freudenfeuer&#8220;][vc_column_text]<\/p>\n<div class=\"ydpadd65a23yiv4611261100\"><span class=\"ydpadd65a23yiv4611261100\" style=\"color: #444444; font-family: GillSansMT;\">Ihr w\u00fcnscht euch Unterst\u00fctzung bei Eurer Hochzeitsplanung, am Hochzeitstag selbst oder eine individuelle, freie Trauung?<\/span><\/div>\n<div class=\"ydpadd65a23yiv4611261100\"><span class=\"ydpadd65a23yiv4611261100\" style=\"color: #444444; font-family: GillSansMT;\">Dann meldet euch sehr gerne bei Mirjam. Und im Freudenfeuer Online-Shop findet Ihr alles was Ihr braucht, um Eure Verlobungszeit entspannt genie\u00dfen zu k\u00f6nnen. Schaut auf jeden fall rein.<\/span><\/div>\n<p>[\/vc_column_text][\/vc_column][\/vc_row][vc_row][vc_column][vc_separator style=&#8220;dashed&#8220; border_width=&#8220;3&#8243; css=&#8220;.vc_custom_1668860936585{padding-top: 20px !important;padding-bottom: 20px !important;}&#8220;][\/vc_column][\/vc_row][vc_row equal_height=&#8220;yes&#8220; content_placement=&#8220;middle&#8220; css=&#8220;.vc_custom_1668863824582{margin-top: 20px !important;}&#8220;][vc_column width=&#8220;1\/6&#8243;]<figure class=\"sc_image  alignright sc_image_shape_square margin_top_small\" style=\"width:50%;\"><img decoding=\"async\" src=\"https:\/\/maxstadlermusik.de\/wp-content\/uploads\/2022\/12\/icn_location.png\" alt=\"\" \/><\/figure>[\/vc_column][vc_column width=&#8220;3\/4&#8243;][vc_empty_space 0=&#8220;&#8220;][vc_custom_heading text=&#8220;Locations&#8220; font_container=&#8220;tag:h2|text_align:left|color:%23dd3333|line_height:0&#8243; use_theme_fonts=&#8220;yes&#8220;][\/vc_column][\/vc_row][vc_row 0=&#8220;&#8220;][vc_column 0=&#8220;&#8220;][vc_separator color=&#8220;black&#8220;][\/vc_column][\/vc_row][vc_row equal_height=&#8220;yes&#8220; content_placement=&#8220;middle&#8220;][vc_column width=&#8220;1\/4&#8243;]<figure class=\"sc_image  sc_image_shape_square\"><a href=\"https:\/\/landgasthof-demharter.de\"><img decoding=\"async\" src=\"https:\/\/maxstadlermusik.de\/wp-content\/uploads\/2022\/12\/logo-demharter-dunkel.png\" alt=\"\" \/><\/a><\/figure>[\/vc_column][vc_column width=&#8220;3\/4&#8243;][vc_custom_heading text=&#8220;Landgasthof Demharter&#8220;][vc_column_text]<\/p>\n<div class=\"ydpadd65a23yiv4611261100\">Hier wird Ihre Hochzeitsfeier unvergesslich: Der Landgasthof Demharter ist bereits seit vielen Jahren eine beliebte Eventlocation f\u00fcr <strong>Hochzeiten in der Region Augsburg<\/strong>.<\/div>\n<p>[\/vc_column_text][\/vc_column][\/vc_row][vc_row equal_height=&#8220;yes&#8220; content_placement=&#8220;middle&#8220;][vc_column width=&#8220;1\/4&#8243;]<figure class=\"sc_image  sc_image_shape_square\"><a href=\"https:\/\/lenderstuben.de\"><img decoding=\"async\" src=\"https:\/\/maxstadlermusik.de\/wp-content\/uploads\/2022\/12\/Lenderstuben225x54__.png\" alt=\"\" \/><\/a><\/figure>[\/vc_column][vc_column width=&#8220;3\/4&#8243;][vc_custom_heading text=&#8220;Lenderstuben&#8220;][vc_column_text]<\/p>\n<div class=\"ydpadd65a23yiv4611261100\">Es gibt genug Platz f\u00fcr die freie Trauung, die Feier mit Men\u00fc oder Buffet sowie einer gro\u00dfen Tanzfl\u00e4che zum abfeiern. Und gleich nebenan ist unser neues Hotel ganz exklusiv f\u00fcr euch und eure G\u00e4ste.<\/div>\n<p>[\/vc_column_text][\/vc_column][\/vc_row]<\/p>\n","protected":false},"excerpt":{"rendered":"<p>[vc_row equal_height=&#8220;yes&#8220; content_placement=&#8220;middle&#8220; css=&#8220;.vc_custom_1668863824582{margin-top: 20px !important;}&#8220;][vc_column width=&#8220;1\/6&#8243;][\/vc_column][vc_column width=&#8220;3\/4&#8243; css=&#8220;.vc_custom_1668945075567{padding-bottom: 20px !important;}&#8220;][vc_empty_space 0=&#8220;&#8220;][vc_custom_heading text=&#8220;Fotograf*Innen&#8220; font_container=&#8220;tag:h2|text_align:left|color:%23dd3333|line_height:0&#8243; use_theme_fonts=&#8220;yes&#8220;][\/vc_column][\/vc_row][vc_row 0=&#8220;&#8220;][vc_column 0=&#8220;&#8220;][vc_separator color=&#8220;black&#8220;][\/vc_column][\/vc_row][vc_row equal_height=&#8220;yes&#8220; content_placement=&#8220;middle&#8220;][vc_column width=&#8220;1\/4&#8243;][\/vc_column][vc_column width=&#8220;3\/4&#8243;][vc_custom_heading text=&#8220;The Seidels&#8220;][vc_column_text]Sarah und Mario Seidel aus Augsburg. Aus Leidenschaft und Liebe verbunden, mit S\u00f6hnchen Carlo gewachsen. The Seidels verk\u00f6rpern das, was sie sind: Ein Team. Ein Paar. Eine Familie. Vor, hinter und abseits [&hellip;]<\/p>\n","protected":false},"author":2,"featured_media":0,"parent":0,"menu_order":0,"comment_status":"closed","ping_status":"closed","template":"","meta":{"footnotes":""},"class_list":["post-581","page","type-page","status-publish","hentry"],"yoast_head":"<!-- This site is optimized with the Yoast SEO plugin v23.1 - https:\/\/yoast.com\/wordpress\/plugins\/seo\/ -->\n<title>Partner - Max Stadler Musik<\/title>\n<meta name=\"robots\" content=\"index, follow, max-snippet:-1, max-image-preview:large, max-video-preview:-1\" \/>\n<link rel=\"canonical\" href=\"https:\/\/maxstadlermusik.de\/index.php\/partner\/\" \/>\n<meta property=\"og:locale\" content=\"de_DE\" \/>\n<meta property=\"og:type\" content=\"article\" \/>\n<meta property=\"og:title\" content=\"Partner - Max Stadler Musik\" \/>\n<meta property=\"og:description\" content=\"[vc_row equal_height=&#8220;yes&#8220; content_placement=&#8220;middle&#8220; css=&#8220;.vc_custom_1668863824582{margin-top: 20px !important;}&#8220;][vc_column width=&#8220;1\/6&#8243;][\/vc_column][vc_column width=&#8220;3\/4&#8243; css=&#8220;.vc_custom_1668945075567{padding-bottom: 20px !important;}&#8220;][vc_empty_space 0=&#8220;&#8220;][vc_custom_heading text=&#8220;Fotograf*Innen&#8220; font_container=&#8220;tag:h2|text_align:left|color:%23dd3333|line_height:0&#8243; use_theme_fonts=&#8220;yes&#8220;][\/vc_column][\/vc_row][vc_row 0=&#8220;&#8220;][vc_column 0=&#8220;&#8220;][vc_separator color=&#8220;black&#8220;][\/vc_column][\/vc_row][vc_row equal_height=&#8220;yes&#8220; content_placement=&#8220;middle&#8220;][vc_column width=&#8220;1\/4&#8243;][\/vc_column][vc_column width=&#8220;3\/4&#8243;][vc_custom_heading text=&#8220;The Seidels&#8220;][vc_column_text]Sarah und Mario Seidel aus Augsburg. Aus Leidenschaft und Liebe verbunden, mit S\u00f6hnchen Carlo gewachsen. The Seidels verk\u00f6rpern das, was sie sind: Ein Team. Ein Paar. Eine Familie. Vor, hinter und abseits [&hellip;]\" \/>\n<meta property=\"og:url\" content=\"https:\/\/maxstadlermusik.de\/index.php\/partner\/\" \/>\n<meta property=\"og:site_name\" content=\"Max Stadler Musik\" \/>\n<meta property=\"article:modified_time\" content=\"2022-12-13T21:23:39+00:00\" \/>\n<meta name=\"twitter:card\" content=\"summary_large_image\" \/>\n<meta name=\"twitter:label1\" content=\"Gesch\u00e4tzte Lesezeit\" \/>\n\t<meta name=\"twitter:data1\" content=\"3\u00a0Minuten\" \/>\n<script type=\"application\/ld+json\" class=\"yoast-schema-graph\">{\"@context\":\"https:\/\/schema.org\",\"@graph\":[{\"@type\":\"WebPage\",\"@id\":\"https:\/\/maxstadlermusik.de\/index.php\/partner\/\",\"url\":\"https:\/\/maxstadlermusik.de\/index.php\/partner\/\",\"name\":\"Partner - Max Stadler Musik\",\"isPartOf\":{\"@id\":\"https:\/\/maxstadlermusik.de\/#website\"},\"datePublished\":\"2022-10-04T20:14:28+00:00\",\"dateModified\":\"2022-12-13T21:23:39+00:00\",\"breadcrumb\":{\"@id\":\"https:\/\/maxstadlermusik.de\/index.php\/partner\/#breadcrumb\"},\"inLanguage\":\"de\",\"potentialAction\":[{\"@type\":\"ReadAction\",\"target\":[\"https:\/\/maxstadlermusik.de\/index.php\/partner\/\"]}]},{\"@type\":\"BreadcrumbList\",\"@id\":\"https:\/\/maxstadlermusik.de\/index.php\/partner\/#breadcrumb\",\"itemListElement\":[{\"@type\":\"ListItem\",\"position\":1,\"name\":\"Startseite\",\"item\":\"https:\/\/maxstadlermusik.de\/\"},{\"@type\":\"ListItem\",\"position\":2,\"name\":\"Partner\"}]},{\"@type\":\"WebSite\",\"@id\":\"https:\/\/maxstadlermusik.de\/#website\",\"url\":\"https:\/\/maxstadlermusik.de\/\",\"name\":\"Max Stadler Musik\",\"description\":\"\",\"publisher\":{\"@id\":\"https:\/\/maxstadlermusik.de\/#organization\"},\"potentialAction\":[{\"@type\":\"SearchAction\",\"target\":{\"@type\":\"EntryPoint\",\"urlTemplate\":\"https:\/\/maxstadlermusik.de\/?s={search_term_string}\"},\"query-input\":\"required name=search_term_string\"}],\"inLanguage\":\"de\"},{\"@type\":\"Organization\",\"@id\":\"https:\/\/maxstadlermusik.de\/#organization\",\"name\":\"Max Stadler Live Musik\",\"url\":\"https:\/\/maxstadlermusik.de\/\",\"logo\":{\"@type\":\"ImageObject\",\"inLanguage\":\"de\",\"@id\":\"https:\/\/maxstadlermusik.de\/#\/schema\/logo\/image\/\",\"url\":\"https:\/\/maxstadlermusik.de\/wp-content\/uploads\/2017\/06\/cropped-logo-entw\u00fcrfe1.png\",\"contentUrl\":\"https:\/\/maxstadlermusik.de\/wp-content\/uploads\/2017\/06\/cropped-logo-entw\u00fcrfe1.png\",\"width\":1500,\"height\":817,\"caption\":\"Max Stadler Live Musik\"},\"image\":{\"@id\":\"https:\/\/maxstadlermusik.de\/#\/schema\/logo\/image\/\"}}]}<\/script>\n<!-- \/ Yoast SEO plugin. -->","yoast_head_json":{"title":"Partner - Max Stadler Musik","robots":{"index":"index","follow":"follow","max-snippet":"max-snippet:-1","max-image-preview":"max-image-preview:large","max-video-preview":"max-video-preview:-1"},"canonical":"https:\/\/maxstadlermusik.de\/index.php\/partner\/","og_locale":"de_DE","og_type":"article","og_title":"Partner - Max Stadler Musik","og_description":"[vc_row equal_height=&#8220;yes&#8220; content_placement=&#8220;middle&#8220; css=&#8220;.vc_custom_1668863824582{margin-top: 20px !important;}&#8220;][vc_column width=&#8220;1\/6&#8243;][\/vc_column][vc_column width=&#8220;3\/4&#8243; css=&#8220;.vc_custom_1668945075567{padding-bottom: 20px !important;}&#8220;][vc_empty_space 0=&#8220;&#8220;][vc_custom_heading text=&#8220;Fotograf*Innen&#8220; font_container=&#8220;tag:h2|text_align:left|color:%23dd3333|line_height:0&#8243; use_theme_fonts=&#8220;yes&#8220;][\/vc_column][\/vc_row][vc_row 0=&#8220;&#8220;][vc_column 0=&#8220;&#8220;][vc_separator color=&#8220;black&#8220;][\/vc_column][\/vc_row][vc_row equal_height=&#8220;yes&#8220; content_placement=&#8220;middle&#8220;][vc_column width=&#8220;1\/4&#8243;][\/vc_column][vc_column width=&#8220;3\/4&#8243;][vc_custom_heading text=&#8220;The Seidels&#8220;][vc_column_text]Sarah und Mario Seidel aus Augsburg. Aus Leidenschaft und Liebe verbunden, mit S\u00f6hnchen Carlo gewachsen. The Seidels verk\u00f6rpern das, was sie sind: Ein Team. Ein Paar. Eine Familie. Vor, hinter und abseits [&hellip;]","og_url":"https:\/\/maxstadlermusik.de\/index.php\/partner\/","og_site_name":"Max Stadler Musik","article_modified_time":"2022-12-13T21:23:39+00:00","twitter_card":"summary_large_image","twitter_misc":{"Gesch\u00e4tzte Lesezeit":"3\u00a0Minuten"},"schema":{"@context":"https:\/\/schema.org","@graph":[{"@type":"WebPage","@id":"https:\/\/maxstadlermusik.de\/index.php\/partner\/","url":"https:\/\/maxstadlermusik.de\/index.php\/partner\/","name":"Partner - Max Stadler Musik","isPartOf":{"@id":"https:\/\/maxstadlermusik.de\/#website"},"datePublished":"2022-10-04T20:14:28+00:00","dateModified":"2022-12-13T21:23:39+00:00","breadcrumb":{"@id":"https:\/\/maxstadlermusik.de\/index.php\/partner\/#breadcrumb"},"inLanguage":"de","potentialAction":[{"@type":"ReadAction","target":["https:\/\/maxstadlermusik.de\/index.php\/partner\/"]}]},{"@type":"BreadcrumbList","@id":"https:\/\/maxstadlermusik.de\/index.php\/partner\/#breadcrumb","itemListElement":[{"@type":"ListItem","position":1,"name":"Startseite","item":"https:\/\/maxstadlermusik.de\/"},{"@type":"ListItem","position":2,"name":"Partner"}]},{"@type":"WebSite","@id":"https:\/\/maxstadlermusik.de\/#website","url":"https:\/\/maxstadlermusik.de\/","name":"Max Stadler Musik","description":"","publisher":{"@id":"https:\/\/maxstadlermusik.de\/#organization"},"potentialAction":[{"@type":"SearchAction","target":{"@type":"EntryPoint","urlTemplate":"https:\/\/maxstadlermusik.de\/?s={search_term_string}"},"query-input":"required name=search_term_string"}],"inLanguage":"de"},{"@type":"Organization","@id":"https:\/\/maxstadlermusik.de\/#organization","name":"Max Stadler Live Musik","url":"https:\/\/maxstadlermusik.de\/","logo":{"@type":"ImageObject","inLanguage":"de","@id":"https:\/\/maxstadlermusik.de\/#\/schema\/logo\/image\/","url":"https:\/\/maxstadlermusik.de\/wp-content\/uploads\/2017\/06\/cropped-logo-entw\u00fcrfe1.png","contentUrl":"https:\/\/maxstadlermusik.de\/wp-content\/uploads\/2017\/06\/cropped-logo-entw\u00fcrfe1.png","width":1500,"height":817,"caption":"Max Stadler Live Musik"},"image":{"@id":"https:\/\/maxstadlermusik.de\/#\/schema\/logo\/image\/"}}]}},"_links":{"self":[{"href":"https:\/\/maxstadlermusik.de\/index.php\/wp-json\/wp\/v2\/pages\/581"}],"collection":[{"href":"https:\/\/maxstadlermusik.de\/index.php\/wp-json\/wp\/v2\/pages"}],"about":[{"href":"https:\/\/maxstadlermusik.de\/index.php\/wp-json\/wp\/v2\/types\/page"}],"author":[{"embeddable":true,"href":"https:\/\/maxstadlermusik.de\/index.php\/wp-json\/wp\/v2\/users\/2"}],"replies":[{"embeddable":true,"href":"https:\/\/maxstadlermusik.de\/index.php\/wp-json\/wp\/v2\/comments?post=581"}],"version-history":[{"count":34,"href":"https:\/\/maxstadlermusik.de\/index.php\/wp-json\/wp\/v2\/pages\/581\/revisions"}],"predecessor-version":[{"id":641,"href":"https:\/\/maxstadlermusik.de\/index.php\/wp-json\/wp\/v2\/pages\/581\/revisions\/641"}],"wp:attachment":[{"href":"https:\/\/maxstadlermusik.de\/index.php\/wp-json\/wp\/v2\/media?parent=581"}],"curies":[{"name":"wp","href":"https:\/\/api.w.org\/{rel}","templated":true}]}}